{"id":5043,"date":"2022-01-27T16:27:36","date_gmt":"2022-01-27T16:27:36","guid":{"rendered":"https:\/\/design.luzonmedia.com\/?page_id=5043"},"modified":"2026-05-12T17:46:40","modified_gmt":"2026-05-12T17:46:40","slug":"inicio","status":"publish","type":"page","link":"https:\/\/design.luzonmedia.com\/","title":{"rendered":"Inicio"},"content":{"rendered":"<section class=\"l-section wpb_row height_auto\"><div class=\"l-section-h i-cf\"><div class=\"g-cols via_grid cols_1 laptops-cols_inherit tablets-cols_inherit mobiles-cols_1 valign_top type_default\"><div class=\"wpb_column vc_column_container\"><div class=\"vc_column-inner\"><div class=\"w-popup align_none\"><span class=\"w-popup-trigger type_load\" data-delay=\"1\"><\/span><div class=\"w-popup-overlay\" style=\"background:rgba(0,0,0,0.85);\"><\/div><div class=\"w-popup-wrap\"><div class=\"w-popup-box animation_fadeIn with_title\" style=\"border-radius:5px;width:600px;\"><div class=\"w-popup-box-h\"><div class=\"w-popup-box-title\" style=\"color:#ffffff;background:var(--color-header-middle-text-hover);\">WEB DE MUESTRA<\/div><div class=\"w-popup-box-content\" style=\"padding:5%;background:var(--color-content-bg);color:var(--color-content-text);\"><p style=\"text-align: center;\">Esta Web es s\u00f3lo de Muestra, los datos mostrados estan obsoletos.<\/p>\n<\/div><\/div><\/div><div class=\"w-popup-closer\" style=\"background:var(--color-content-bg);color:var(--color-content-text);\"><\/div><\/div><\/div><\/div><\/div><\/div><\/div><\/section><section class=\"l-section wpb_row height_medium full_height valign_center\" id=\"inicio\"><div class=\"l-section-h i-cf\"><div class=\"g-cols via_grid cols_1 laptops-cols_inherit tablets-cols_inherit mobiles-cols_1 valign_top type_default\"><div class=\"wpb_column vc_column_container\"><div class=\"vc_column-inner\"><div class=\"wpb_text_column us_custom_6df4bc3a has_text_color\"><div class=\"wpb_wrapper\"><h2 style=\"text-align: center;\">Iniciativa Contract Design S.L.<\/h2>\n<\/div><\/div><\/div><\/div><\/div><\/div><\/section><!-- Row Backgrounds --><div class=\"upb_bg_img\" data-ultimate-bg=\"url(https:\/\/design.luzonmedia.com\/wp-content\/uploads\/2022\/01\/GMPD-CAMARA-2-PATIO-EXTERIOR-con-tejas2015.10.13-uai-2064x1032-1.jpg)\" data-image-id=\"id^33|url^https:\/\/design.luzonmedia.com\/wp-content\/uploads\/2022\/01\/GMPD-CAMARA-2-PATIO-EXTERIOR-con-tejas2015.10.13-uai-2064x1032-1.jpg|caption^null|alt^null|title^GMPD-CAMARA-2-PATIO-EXTERIOR-con-tejas2015.10.13-uai-2064x1032|description^null\" data-ultimate-bg-style=\"vcpb-default\" data-bg-img-repeat=\"repeat\" data-bg-img-size=\"cover\" data-bg-img-position=\"\" data-parallx_sense=\"30\" data-bg-override=\"0\" data-bg_img_attach=\"scroll\" data-upb-overlay-color=\"rgba(0,0,0,0.2)\" data-upb-bg-animation=\"\" data-fadeout=\"\" data-bg-animation=\"left-animation\" data-bg-animation-type=\"h\" data-animation-repeat=\"repeat\" data-fadeout-percentage=\"30\" data-parallax-content=\"\" data-parallax-content-sense=\"30\" data-row-effect-mobile-disable=\"true\" data-img-parallax-mobile-disable=\"true\" data-rtl=\"false\"  data-custom-vc-row=\"\"  data-vc=\"6.8.0\"  data-is_old_vc=\"\"  data-theme-support=\"\"   data-overlay=\"true\" data-overlay-color=\"rgba(0,0,0,0.2)\" data-overlay-pattern=\"https:\/\/design.luzonmedia.com\/wp-content\/plugins\/Ultimate_VC_Addons\/assets\/images\/patterns\/01.png\" data-overlay-pattern-opacity=\"0.8\" data-overlay-pattern-size=\"\" data-overlay-pattern-attachment=\"scroll\"    ><\/div><section class=\"l-section wpb_row us_custom_b03640aa height_medium with_img\" id=\"sobre-nosotros\"><div class=\"l-section-img\" style=\"background-image: url(https:\/\/design.luzonmedia.com\/wp-content\/uploads\/2022\/01\/light-gray-concrete-wall3-scaled.jpg);\" data-img-width=\"2560\" data-img-height=\"1706\"><\/div><div class=\"l-section-h i-cf\"><div class=\"g-cols via_grid cols_1 laptops-cols_inherit tablets-cols_inherit mobiles-cols_1 valign_top type_default\"><div class=\"wpb_column vc_column_container\"><div class=\"vc_column-inner\"><div class=\"ult-spacer spacer-6a0379fbbd039\" data-id=\"6a0379fbbd039\" data-height=\"60\" data-height-mobile=\"60\" data-height-tab=\"60\" data-height-tab-portrait=\"\" data-height-mobile-landscape=\"\" style=\"clear:both;display:block;\"><\/div><h1 class=\"w-text us_custom_bc3e0645\"><span class=\"w-text-h\"><span class=\"w-text-value\">Sobre Nosotros<\/span><\/span><\/h1><div class=\"wpb_text_column\"><div class=\"wpb_wrapper\"><h5 style=\"text-align: center;\">Con m\u00e1s de 15 a\u00f1os de experiencia en el sector hotelero se crea para<br \/>\nofrecer a los profesionales del sector, las mejores soluciones para una estancia<br \/>\nins\u00f3lita y excepcional del hu\u00e9sped.<br \/>\nHemos ido creciendo profesionalmente, a la vez que nuestros proyectos han ido<br \/>\nevolucionando, obligados a ofrecer a nuestros clientes la mejor relaci\u00f3n calidad\/precio.<\/h5>\n<\/div><\/div><div class=\"ult-spacer spacer-6a0379fbbd651\" data-id=\"6a0379fbbd651\" data-height=\"60\" data-height-mobile=\"60\" data-height-tab=\"60\" data-height-tab-portrait=\"\" data-height-mobile-landscape=\"\" style=\"clear:both;display:block;\"><\/div><\/div><\/div><\/div><\/div><\/section><section class=\"l-section wpb_row us_custom_289537ba height_medium width_full\" id=\"nuestros-proyectos\"><div class=\"l-section-h i-cf\"><div class=\"g-cols via_grid cols_1 laptops-cols_inherit tablets-cols_inherit mobiles-cols_1 valign_top type_default\"><div class=\"wpb_column vc_column_container\"><div class=\"vc_column-inner\"><h1 class=\"w-text us_custom_bc3e0645\"><span class=\"w-text-h\"><span class=\"w-text-value\">Nuestros Proyectos<\/span><\/span><\/h1><div class=\"w-grid us_custom_3090c82c type_grid layout_4404 cols_3 with_css_animation ratio_4x3\" id=\"us_grid_1\" data-filterable=\"true\"><style>#us_grid_1 .w-grid-item{padding:5px}#us_grid_1 .w-grid-list{margin:-5px -5px 5px}.w-grid + #us_grid_1 .w-grid-list,.w-grid-none + #us_grid_1 .w-grid-list{margin-top:5px}@media (max-width:899px){#us_grid_1 .w-grid-item{width:50%}#us_grid_1 .w-grid-item.size_2x1,#us_grid_1 .w-grid-item.size_2x2{width:100%}}@media (max-width:599px){#us_grid_1 .w-grid-list{margin:0}#us_grid_1 .w-grid-item{width:100%;padding:0;margin-bottom:5px}}#us_grid_1 .w-grid-item-h:before{padding-bottom:75%}.layout_4404 .w-grid-item-h:before{padding-bottom:100%}@media (min-width:600px){.layout_4404 .w-grid-item.size_1x2 .w-grid-item-h:before{padding-bottom:calc(200% + 5px + 5px)}.layout_4404 .w-grid-item.size_2x1 .w-grid-item-h:before{padding-bottom:calc(50% - 5px * 1)}.layout_4404 .w-grid-item.size_2x2 .w-grid-item-h:before{padding-bottom:calc(100% - 5px * 0)}}.layout_4404 .w-grid-item-h{background:#333333;color:#ffffff}.layout_4404 .usg_post_image_1{transition-duration:0.5s;transform-origin:100% 100%;transform:scale(1) translate(0%,0%)}.layout_4404 .w-grid-item-h:hover .usg_post_image_1{transform:scale(1.20) translate(0%,0%);opacity:0.1}.layout_4404 .usg_post_title_1{transition-duration:0.35s;transform-origin:50% 50%;transform:scale(1) translate(0%,0%);opacity:0}.layout_4404 .w-grid-item-h:hover .usg_post_title_1{transform:scale(1) translate(0%,0%);opacity:1;color:#ffffff!important}.layout_4404 .usg_post_content_1{transition-duration:0.5s;transform-origin:50% 50%;transform:scale(1) translate(0%,-3rem);opacity:0}.layout_4404 .w-grid-item-h:hover .usg_post_content_1{transform:scale(1) translate(0%,0%);opacity:1}@media(max-width:1399px){.layout_4404 .usg_post_content_1{display:none!important}}.layout_4404 .usg_post_image_1{text-align:center!important;position:absolute!important;left:0!important;top:0!important;bottom:0!important;right:0!important}.layout_4404 .usg_vwrapper_1{padding-left:10%!important;padding-top:10%!important;padding-right:10%!important;position:absolute!important;left:0!important;top:0!important;bottom:0!important;right:0!important}.layout_4404 .usg_post_title_1{color:inherit!important;text-align:center!important;font-size:calc(12px + 1vw)!important}.layout_4404 .usg_post_content_1{color:#ffffff!important;text-align:center!important;font-size:0.9rem!important;line-height:1.5!important}<\/style><div class=\"w-grid-list\">\t<article class=\"w-grid-item us_animate_wfc size_1x1 post-5196 us_portfolio type-us_portfolio status-publish has-post-thumbnail hentry us_portfolio_category-hoteles us_portfolio_tag-13 us_portfolio_tag-madrid\" data-id=\"5196\" style=\"animation-delay:0s\">\r\n\t\t<div class=\"w-grid-item-h\" style=\"color:#222222;\">\r\n\t\t\t\t\t\t\t<a class=\"w-grid-item-anchor\" href=\"https:\/\/design.luzonmedia.com\/?us_portfolio=gran-melia-fenix-5-gl\" rel=\"bookmark\" aria-label=\"Gran Meli\u00e1 F\u00e9nix 5* GL\"><\/a>\r\n\t\t\t\t\t\t<div class=\"w-post-elm post_image usg_post_image_1 stretched\"><img loading=\"lazy\" decoding=\"async\" width=\"2064\" height=\"1358\" src=\"https:\/\/design.luzonmedia.com\/wp-content\/uploads\/2022\/01\/GMF-Recepcion-uai-2064x1358-1.jpg\" class=\"attachment-full size-full wp-post-image\" alt=\"\" srcset=\"https:\/\/design.luzonmedia.com\/wp-content\/uploads\/2022\/01\/GMF-Recepcion-uai-2064x1358-1.jpg 2064w, https:\/\/design.luzonmedia.com\/wp-content\/uploads\/2022\/01\/GMF-Recepcion-uai-2064x1358-1-300x197.jpg 300w, https:\/\/design.luzonmedia.com\/wp-content\/uploads\/2022\/01\/GMF-Recepcion-uai-2064x1358-1-1024x674.jpg 1024w\" sizes=\"auto, (max-width: 2064px) 100vw, 2064px\" \/><\/div><div class=\"w-vwrapper usg_vwrapper_1 align_center valign_middle\"><h4 class=\"w-post-elm post_title usg_post_title_1 align_center entry-title color_link_inherit\">Gran Meli\u00e1 F\u00e9nix 5* GL<\/h4><div class=\"w-html usg_html_1\"><br><\/div><div class=\"w-post-elm post_content usg_post_content_1\">Hotel ubicado en la Plaza de Colon, junto al Paseo de la Castellana y la&hellip;<\/div><\/div>\t\t<\/div>\r\n\t<\/article>\r\n\t<article class=\"w-grid-item us_animate_wfc size_1x1 post-5127 us_portfolio type-us_portfolio status-publish has-post-thumbnail hentry us_portfolio_category-hoteles us_portfolio_tag-13 us_portfolio_tag-madrid\" data-id=\"5127\" style=\"animation-delay:0.1s\">\r\n\t\t<div class=\"w-grid-item-h\" style=\"color:#222222;\">\r\n\t\t\t\t\t\t\t<a class=\"w-grid-item-anchor\" href=\"https:\/\/design.luzonmedia.com\/?us_portfolio=gran-melia-don-pepe-5-gl\" rel=\"bookmark\" aria-label=\"Gran Meli\u00e1 Don Pepe 5* GL\"><\/a>\r\n\t\t\t\t\t\t<div class=\"w-post-elm post_image usg_post_image_1 stretched\"><img loading=\"lazy\" decoding=\"async\" width=\"2064\" height=\"1548\" src=\"https:\/\/design.luzonmedia.com\/wp-content\/uploads\/2022\/01\/727-VISTA-MONTANA-1-uai-2064x1548-1.jpg\" class=\"attachment-full size-full wp-post-image\" alt=\"\" srcset=\"https:\/\/design.luzonmedia.com\/wp-content\/uploads\/2022\/01\/727-VISTA-MONTANA-1-uai-2064x1548-1.jpg 2064w, https:\/\/design.luzonmedia.com\/wp-content\/uploads\/2022\/01\/727-VISTA-MONTANA-1-uai-2064x1548-1-300x225.jpg 300w, https:\/\/design.luzonmedia.com\/wp-content\/uploads\/2022\/01\/727-VISTA-MONTANA-1-uai-2064x1548-1-1024x768.jpg 1024w\" sizes=\"auto, (max-width: 2064px) 100vw, 2064px\" \/><\/div><div class=\"w-vwrapper usg_vwrapper_1 align_center valign_middle\"><h4 class=\"w-post-elm post_title usg_post_title_1 align_center entry-title color_link_inherit\">Gran Meli\u00e1 Don Pepe 5* GL<\/h4><div class=\"w-html usg_html_1\"><br><\/div><div class=\"w-post-elm post_content usg_post_content_1\">Hotel ubicado en la Costa del Sol, cerca de la Sierra Blanca.<\/div><\/div>\t\t<\/div>\r\n\t<\/article>\r\n\t<article class=\"w-grid-item us_animate_wfc size_1x1 post-5148 us_portfolio type-us_portfolio status-publish has-post-thumbnail hentry us_portfolio_category-hoteles us_portfolio_tag-13\" data-id=\"5148\" style=\"animation-delay:0.2s\">\r\n\t\t<div class=\"w-grid-item-h\" style=\"color:#222222;\">\r\n\t\t\t\t\t\t\t<a class=\"w-grid-item-anchor\" href=\"https:\/\/design.luzonmedia.com\/?us_portfolio=melia-sancti-petri-5-gl\" rel=\"bookmark\" aria-label=\"Meli\u00e1 Sancti Petri 5* GL\"><\/a>\r\n\t\t\t\t\t\t<div class=\"w-post-elm post_image usg_post_image_1 stretched\"><img loading=\"lazy\" decoding=\"async\" width=\"857\" height=\"448\" src=\"https:\/\/design.luzonmedia.com\/wp-content\/uploads\/2022\/01\/Foto-Web01.jpg\" class=\"attachment-full size-full wp-post-image\" alt=\"\" srcset=\"https:\/\/design.luzonmedia.com\/wp-content\/uploads\/2022\/01\/Foto-Web01.jpg 857w, https:\/\/design.luzonmedia.com\/wp-content\/uploads\/2022\/01\/Foto-Web01-300x157.jpg 300w, https:\/\/design.luzonmedia.com\/wp-content\/uploads\/2022\/01\/Foto-Web01-600x314.jpg 600w\" sizes=\"auto, (max-width: 857px) 100vw, 857px\" \/><\/div><div class=\"w-vwrapper usg_vwrapper_1 align_center valign_middle\"><h4 class=\"w-post-elm post_title usg_post_title_1 align_center entry-title color_link_inherit\">Meli\u00e1 Sancti Petri 5* GL<\/h4><div class=\"w-html usg_html_1\"><br><\/div><div class=\"w-post-elm post_content usg_post_content_1\">Hotel ubicado en la costa gaditana, palacio andaluz de estilo nazar\u00ed.<\/div><\/div>\t\t<\/div>\r\n\t<\/article>\r\n<\/div><div class=\"w-grid-preloader\"><div class=\"g-preloader type_1\">\r\n\t<div><\/div>\r\n<\/div>\r\n<\/div>\t\t<div class=\"g-loadmore \">\r\n\t\t\t<div class=\"g-preloader type_1\">\r\n\t\t\t\t<div><\/div>\r\n\t\t\t<\/div>\r\n\t\t\t<a class=\"w-btn us-btn-style_1\" href=\"javascript:void(0)\">\r\n\t\t\t\t<span class=\"w-btn-label\">Cargar m\u00e1s<\/span>\r\n\t\t\t<\/a>\r\n\t\t<\/div>\r\n\t\t\t<div class=\"w-grid-json hidden\" onclick='return {&quot;action&quot;:&quot;us_ajax_grid&quot;,&quot;ajax_url&quot;:&quot;https:\\\/\\\/design.luzonmedia.com\\\/wp-admin\\\/admin-ajax.php&quot;,&quot;infinite_scroll&quot;:true,&quot;max_num_pages&quot;:3,&quot;pagination&quot;:&quot;ajax&quot;,&quot;permalink_url&quot;:&quot;https:\\\/\\\/design.luzonmedia.com&quot;,&quot;template_vars&quot;:{&quot;columns&quot;:&quot;3&quot;,&quot;exclude_items&quot;:&quot;none&quot;,&quot;img_size&quot;:&quot;full&quot;,&quot;ignore_items_size&quot;:false,&quot;items_layout&quot;:&quot;4404&quot;,&quot;items_offset&quot;:&quot;1&quot;,&quot;load_animation&quot;:&quot;wfc&quot;,&quot;overriding_link&quot;:&quot;post&quot;,&quot;post_id&quot;:5043,&quot;query_args&quot;:{&quot;post_type&quot;:[&quot;us_portfolio&quot;],&quot;tax_query&quot;:[{&quot;taxonomy&quot;:&quot;us_portfolio_category&quot;,&quot;field&quot;:&quot;slug&quot;,&quot;terms&quot;:[&quot;branding&quot;,&quot;hoteles&quot;,&quot;mobile-apps&quot;]}],&quot;post_status&quot;:[&quot;publish&quot;],&quot;posts_per_page&quot;:&quot;3&quot;},&quot;orderby_query_args&quot;:{&quot;orderby&quot;:&quot;RAND(1405959497)&quot;},&quot;type&quot;:&quot;grid&quot;,&quot;us_grid_ajax_index&quot;:1,&quot;us_grid_filter_params&quot;:null,&quot;us_grid_index&quot;:1,&quot;_us_grid_post_type&quot;:&quot;us_portfolio&quot;}}'><\/div>\r\n\t<\/div><\/div><\/div><\/div><\/div><\/section><section class=\"l-section wpb_row height_medium\" id=\"contacto\"><div class=\"l-section-h i-cf\"><div class=\"g-cols via_grid cols_3 laptops-cols_inherit tablets-cols_inherit mobiles-cols_1 valign_top type_default\"><div class=\"wpb_column vc_column_container\"><div class=\"vc_column-inner\"><div class=\"w-iconbox iconpos_top style_default color_primary align_center\"><a href=\"mailto:icd@icdesing.com\" class=\"w-iconbox-link\" aria-label=\"EMAIL\"><div class=\"w-iconbox-icon\" style=\"font-size:4rem;\"><i class=\"far fa-envelope\"><\/i><\/div><\/a><div class=\"w-iconbox-meta\"><a href=\"mailto:icd@icdesing.com\" class=\"w-iconbox-link\" aria-label=\"EMAIL\"><h4 class=\"w-iconbox-title\">EMAIL<\/h4><\/a><div class=\"w-iconbox-text\"><p><a href=\"mailto:icd@design.luzonmedia.com\" target=\"_blank\" rel=\"noopener\">icd@design.com<\/a><\/p>\n<\/div><\/div><\/div><\/div><\/div><div class=\"wpb_column vc_column_container\"><div class=\"vc_column-inner\"><div class=\"w-iconbox iconpos_top style_default color_primary align_center\"><a href=\"https:\/\/goo.gl\/maps\/dn2MTR7c4vzwxwgk9\" class=\"w-iconbox-link\" aria-label=\"OFICINA\"><div class=\"w-iconbox-icon\" style=\"font-size:4rem;\"><i class=\"far fa-map-marker-alt\"><\/i><\/div><\/a><div class=\"w-iconbox-meta\"><a href=\"https:\/\/goo.gl\/maps\/dn2MTR7c4vzwxwgk9\" class=\"w-iconbox-link\" aria-label=\"OFICINA\"><h4 class=\"w-iconbox-title\">OFICINA<\/h4><\/a><div class=\"w-iconbox-text\"><p><a href=\"https:\/\/maps.app.goo.gl\/CupstnU8rcfKD7Bs8\" target=\"_blank\" rel=\"noopener\">Pl. de la Independencia, s\/n, Retiro, 28001 Madrid<\/a><\/p>\n<\/div><\/div><\/div><\/div><\/div><div class=\"wpb_column vc_column_container\"><div class=\"vc_column-inner\"><div class=\"w-iconbox iconpos_top style_default color_primary align_center\"><a href=\"tel:649 90 51 33\" class=\"w-iconbox-link\" aria-label=\"TEL\u00c9FONOS\"><div class=\"w-iconbox-icon\" style=\"font-size:4rem;\"><i class=\"far fa-mobile\"><\/i><\/div><\/a><div class=\"w-iconbox-meta\"><a href=\"tel:649 90 51 33\" class=\"w-iconbox-link\" aria-label=\"TEL\u00c9FONOS\"><h4 class=\"w-iconbox-title\">TEL\u00c9FONOS<\/h4><\/a><div class=\"w-iconbox-text\"><p><a href=\"tel:9100000\" target=\"_blank\" rel=\"noopener\">91 000000<\/a><br \/>\n<a href=\"tel:6000000\" target=\"_blank\" rel=\"noopener\">60000000<\/a><\/p>\n<\/div><\/div><\/div><\/div><\/div><\/div><\/div><\/section><section class=\"l-section wpb_row height_medium\"><div class=\"l-section-h i-cf\"><div class=\"g-cols via_grid cols_1 laptops-cols_inherit tablets-cols_inherit mobiles-cols_1 valign_top type_default\"><div class=\"wpb_column vc_column_container\"><div class=\"vc_column-inner\"><div class=\"wpforms-container wpforms-container-full\" id=\"wpforms-5166\"><form id=\"wpforms-form-5166\" class=\"wpforms-validate wpforms-form\" data-formid=\"5166\" method=\"post\" enctype=\"multipart\/form-data\" action=\"\/index.php?rest_route=%2Fwp%2Fv2%2Fpages%2F5043\"><div class=\"wpforms-field-container\"><div id=\"wpforms-5166-field_0-container\" class=\"wpforms-field wpforms-field-name\" data-field-id=\"0\"><label class=\"wpforms-field-label\" for=\"wpforms-5166-field_0\">Nombre y apellidos <span class=\"wpforms-required-label\">*<\/span><\/label><input type=\"text\" id=\"wpforms-5166-field_0\" class=\"wpforms-field-large wpforms-field-required\" name=\"wpforms[fields][0]\" required><\/div><div id=\"wpforms-5166-field_1-container\" class=\"wpforms-field wpforms-field-email\" data-field-id=\"1\"><label class=\"wpforms-field-label\" for=\"wpforms-5166-field_1\">Correo electr\u00f3nico <span class=\"wpforms-required-label\">*<\/span><\/label><input type=\"email\" id=\"wpforms-5166-field_1\" class=\"wpforms-field-large wpforms-field-required\" name=\"wpforms[fields][1]\" required><\/div><div id=\"wpforms-5166-field_2-container\" class=\"wpforms-field wpforms-field-textarea\" data-field-id=\"2\"><label class=\"wpforms-field-label\" for=\"wpforms-5166-field_2\">Mensaje <span class=\"wpforms-required-label\">*<\/span><\/label><textarea id=\"wpforms-5166-field_2\" class=\"wpforms-field-medium wpforms-field-required\" name=\"wpforms[fields][2]\" required><\/textarea><\/div><div id=\"wpforms-5166-field_3-container\" class=\"wpforms-field wpforms-field-gdpr-checkbox\" data-field-id=\"3\"><label class=\"wpforms-field-label wpforms-label-hide\" for=\"wpforms-5166-field_3\">Acuerdo RGPD  <span class=\"wpforms-required-label\">*<\/span><\/label><ul id=\"wpforms-5166-field_3\" class=\"wpforms-field-required\"><li class=\"choice-1\"><input type=\"checkbox\" id=\"wpforms-5166-field_3_1\" name=\"wpforms[fields][3][]\" value=\"He le\u00eddo, entiendo y acepto los t\u00e9rminos y condiciones de la protecci\u00f3n de datos.\" required ><label class=\"wpforms-field-label-inline\" for=\"wpforms-5166-field_3_1\">He le\u00eddo, entiendo y acepto los t\u00e9rminos y condiciones de la protecci\u00f3n de datos. <span class=\"wpforms-required-label\">*<\/span><\/label><\/li><\/ul><\/div><\/div><div class=\"wpforms-field wpforms-field-hp\"><label for=\"wpforms-5166-field-hp\" class=\"wpforms-field-label\">Website<\/label><input type=\"text\" name=\"wpforms[hp]\" id=\"wpforms-5166-field-hp\" class=\"wpforms-field-medium\"><\/div><div class=\"wpforms-submit-container\" ><input type=\"hidden\" name=\"wpforms[id]\" value=\"5166\"><input type=\"hidden\" name=\"wpforms[author]\" value=\"1\"><button type=\"submit\" name=\"wpforms[submit]\" class=\"wpforms-submit \" id=\"wpforms-submit-5166\" value=\"wpforms-submit\" data-alt-text=\"Enviando...\">Enviar<\/button><\/div><\/form><\/div><\/div><\/div><\/div><\/div><\/section><section class=\"l-section wpb_row us_custom_e11ab399 height_medium width_full\" id=\"donde-estamos\"><div class=\"l-section-h i-cf\"><div class=\"g-cols via_grid cols_1 laptops-cols_inherit tablets-cols_inherit mobiles-cols_1 valign_top type_default\"><div class=\"wpb_column vc_column_container\"><div class=\"vc_column-inner\"><div class=\"wpb_text_column\"><div class=\"wpb_wrapper\"><p><iframe loading=\"lazy\" style=\"border: 0;\" src=\"https:\/\/www.google.com\/maps\/embed?pb=!1m14!1m8!1m3!1d24295.770545398358!2d-3.705562!3d40.431634!3m2!1i1024!2i768!4f13.1!3m3!1m2!1s0xd42289a4a865227%3A0x98278b3a144a86f1!2sPuerta%20de%20Alcal%C3%A1!5e0!3m2!1ses!2ses!4v1778607633821!5m2!1ses!2ses\" width=\"100%\" height=\"450\" allowfullscreen=\"allowfullscreen\"><\/iframe><\/p>\n<\/div><\/div><h1 class=\"w-text us_custom_bc3e0645\"><span class=\"w-text-h\"><span class=\"w-text-value\">Proyectamos ideas, creamos experiencias<\/span><\/span><\/h1><\/div><\/div><\/div><\/div><\/section>\n","protected":false},"excerpt":{"rendered":"Meli\u00e1 Sancti Petri 5* GL Hotel ubicado en la costa gaditana, palacio andaluz de estilo nazar\u00ed, cuenta con 223 habitaciones. Proyecto integral de interiorismo, ejecuci\u00f3n de FF&amp;E y direcci\u00f3n de obra en labores de decoraci\u00f3n, tanto de habitaciones como de todas las zonas comunes. Recientemente proyecto de interiorismo y ejecuci\u00f3n de FF&amp;E de habitaciones. A\u00f1o:...","protected":false},"author":1,"featured_media":0,"parent":0,"menu_order":0,"comment_status":"closed","ping_status":"closed","template":"","meta":{"footnotes":""},"class_list":["post-5043","page","type-page","status-publish","hentry"],"_links":{"self":[{"href":"https:\/\/design.luzonmedia.com\/index.php?rest_route=\/wp\/v2\/pages\/5043","targetHints":{"allow":["GET"]}}],"collection":[{"href":"https:\/\/design.luzonmedia.com\/index.php?rest_route=\/wp\/v2\/pages"}],"about":[{"href":"https:\/\/design.luzonmedia.com\/index.php?rest_route=\/wp\/v2\/types\/page"}],"author":[{"embeddable":true,"href":"https:\/\/design.luzonmedia.com\/index.php?rest_route=\/wp\/v2\/users\/1"}],"replies":[{"embeddable":true,"href":"https:\/\/design.luzonmedia.com\/index.php?rest_route=%2Fwp%2Fv2%2Fcomments&post=5043"}],"version-history":[{"count":48,"href":"https:\/\/design.luzonmedia.com\/index.php?rest_route=\/wp\/v2\/pages\/5043\/revisions"}],"predecessor-version":[{"id":5286,"href":"https:\/\/design.luzonmedia.com\/index.php?rest_route=\/wp\/v2\/pages\/5043\/revisions\/5286"}],"wp:attachment":[{"href":"https:\/\/design.luzonmedia.com\/index.php?rest_route=%2Fwp%2Fv2%2Fmedia&parent=5043"}],"curies":[{"name":"wp","href":"https:\/\/api.w.org\/{rel}","templated":true}]}}